{"id":333,"date":"2021-11-08T18:56:52","date_gmt":"2021-11-08T17:56:52","guid":{"rendered":"https:\/\/www.dudkowiak.com\/family\/?page_id=333"},"modified":"2022-04-21T23:05:49","modified_gmt":"2022-04-21T21:05:49","slug":"cookies-policy","status":"publish","type":"page","link":"https:\/\/www.dudkowiak.com\/family\/cookies-policy\/","title":{"rendered":"Cookies policy"},"content":{"rendered":"<p><strong>Polityka dotycz\u0105ca cookies<\/strong><\/p>\n<p>W celu \u015bwiadczenia us\u0142ug na najwy\u017cszym poziomie stosujemy\u00a0<strong>pliki cookies<\/strong>. Korzystanie z Serwisu oznacza, \u017ce b\u0119d\u0105 one zamieszczane w Twoim urz\u0105dzeniu. W ka\u017cdym momencie mo\u017cesz dokona\u0107 zmiany ustawie\u0144 Twojej przegl\u0105darki. Dla Twojej wygody Serwis\u00a0u\u017cywa plik\u00f3w cookies po to,\u00a0<strong>by dostosowa\u0107 go do potrzeb u\u017cytkownik\u00f3w<\/strong>, w celach statystycznych i marketingowych. Pliki cookies (ciasteczka) to ma\u0142e pliki tekstowe, kt\u00f3re zapisywane s\u0105 w komputerze lub urz\u0105dzeniu mobilnym u\u017cytkownika (np. telefon, tablet) w momencie wizyty na naszej witrynie. W plikach przechowywane s\u0105 r\u00f3\u017cne informacje o u\u017cytkowniku i jego preferencjach. Plik cookie zazwyczaj zawiera nazw\u0119 strony internetowej\u00a0z kt\u00f3rej pochodzi, czas \u017cycia\u00a0pliku cookie, oraz warto\u015b\u0107, zazwyczaj stanowi\u0105c\u0105 losowo generowany i niepowtarzalny ci\u0105g znak\u00f3w.<\/p>\n<p>Na stronie www.dudkowiak.com\/family (dalej: Serwis) wykorzystujemy pliki cookies techniczne, analityczne i marketingowe.<\/p>\n<p>&nbsp;<\/p>\n<p><strong>Techniczne pliki cookies\u00a0<\/strong>s\u0105 niezb\u0119dne dla prawid\u0142owego dzia\u0142ania portalu.<\/p>\n<p>Wykorzystujemy je, aby:<\/p>\n<ol>\n<li>zoptymalizowa\u0107 Serwis pod k\u0105tem urz\u0105dze\u0144 i przegl\u0105darek, jakie najcz\u0119\u015bciej wykorzystuj\u0105 osoby j\u0105 odwiedzaj\u0105ce \u2013 dzi\u0119ki temu Tw\u00f3j komputer, tablet czy telefon wy\u015bwietli j\u0105 poprawnie i czytelnie;<\/li>\n<li>zapewni\u0107 bezpiecze\u0144stwo Twoich danych w trakcie korzystania z Serwisu;<\/li>\n<li>zapami\u0119ta\u0107, czy wyrazi\u0142e\u015b zgod\u0119 na wy\u015bwietlanie w Serwisie wybranych tre\u015bci;<\/li>\n<li>utrzyma\u0107 Twoj\u0105 sesj\u0119, kiedy odwiedzasz Serwis.<\/li>\n<\/ol>\n<p>&nbsp;<\/p>\n<p><strong>Analityczne pliki cookies<\/strong> wykorzystujemy po to, aby ulepszy\u0107 funkcjonowanie Serwisu oraz mierzy\u0107, nie identyfikuj\u0105c Twoich danych osobowych, skuteczno\u015b\u0107 podejmowanych przez nas dzia\u0142a\u0144 marketingowych.<\/p>\n<p>Mi\u0119dzy innymi, przy wykorzystaniu analitycznych plik\u00f3w cookie, tworzymy zbiorcze statystyki i analizy, kt\u00f3re pomagaj\u0105 nam zrozumie\u0107, w jaki spos\u00f3b wykorzystywany jest Serwis. Te dzia\u0142ania pozwalaj\u0105 nam na sta\u0142e udoskonalanie struktury i zawarto\u015bci Serwisu, by w jak najwi\u0119kszym stopniu odpowiada\u0142 on potrzebom naszych obecnych i potencjalnych klient\u00f3w. W przypadku tego rodzaju plik\u00f3w cookie korzystamy z rozwi\u0105za\u0144 i narz\u0119dzi Google, tj. Google Analytics. Wi\u0119cej informacji na temat kodu Google Analytics i plik\u00f3w cookies Google\u2019a znajdziesz w\u00a0<a href=\"https:\/\/support.google.com\/analytics\/answer\/6004245\">Zasadach Google Analytics dotycz\u0105cych bezpiecze\u0144stwa i prywatno\u015bci<\/a>.<\/p>\n<p>&nbsp;<\/p>\n<p><strong>Pliki cookie marketingowe<\/strong> wykorzystywane s\u0105 w celu dopasowania tre\u015bci i form reklam, wy\u015bwietlanych zar\u00f3wno w Serwisie, jak i w sieciach reklamowych naszych partner\u00f3w, przy u\u017cyciu narz\u0119dzi dostarczonych przez Google do Twoich potrzeb i upodoba\u0144. Wi\u0119cej informacji o plikach cookies wykorzystywanych w sieci reklamowej Google mo\u017cna znale\u017a\u0107 na stronie <a href=\"https:\/\/support.google.com\/adwords\/answer\/2407785\">Pomocy Google AdWords<\/a>.<\/p>\n<p><strong>Serwisy obce<\/strong>, do kt\u00f3rych niekiedy odsy\u0142a Serwis, mog\u0105 u\u017cywa\u0107 tak\u017ce innych plik\u00f3w cookies ni\u017c wymienione powy\u017cej, w tym w szczeg\u00f3lno\u015bci plik\u00f3w umo\u017cliwiaj\u0105cych logowanie si\u0119 oraz dostarczanie reklam odpowiadaj\u0105cych upodobaniom i zachowaniom u\u017cytkownika. Tego rodzaju pliki cookies to:<\/p>\n<ul>\n<li>w serwisie twitter.com \u2013 pozwalaj\u0105ce na zalogowanie si\u0119, a tak\u017ce cookies umieszczane przez reklamodawc\u00f3w w celu dopasowania tre\u015bci i form reklam serwisu twitter.com opisana jest pod adresem:\u00a0https:\/\/help.twitter.com\/en\/rules-and-policies\/twitter-cookies<\/li>\n<li>w serwisie facebook.com \u2013 pozwalaj\u0105ce na zalogowanie si\u0119, a tak\u017ce cookies umieszczane przez reklamodawc\u00f3w w celu dopasowania tre\u015bci i form reklam; polityka plik\u00f3w cookies serwisu facebook.com dost\u0119pna jest pod adresem: https:\/\/pl-pl.facebook.com\/policies\/cookies\/.<\/li>\n<\/ul>\n<p>Jak d\u0142ugo korzystamy z plik\u00f3w cookies? Wykorzystujemy dwa rodzaje plik\u00f3w cookies:<\/p>\n<ul>\n<li><strong>sesyjne<\/strong> \u2013 pozostaj\u0105 na Twoim urz\u0105dzeniu a\u017c do opuszczenia strony internetowej lub wy\u0142\u0105czenia przegl\u0105darki internetowej;<\/li>\n<li><strong>sta\u0142e <\/strong>\u2013 pozostaj\u0105 na Twoim urz\u0105dzeniu przez okre\u015blony czas albo do momentu ich r\u0119cznego usuni\u0119cia.<\/li>\n<\/ul>\n<p>W wi\u0119kszo\u015bci przegl\u0105darek internetowych mo\u017cna: kasowa\u0107 pliki typu cookies z twardego dysku komputera (z poziomu ustawie\u0144 przegl\u0105darki), zablokowa\u0107 wszystkie przysy\u0142ane pliki typu cookies lub ustawi\u0107 ostrze\u017cenie przed zapisaniem ich na dysku.<\/p>\n<p>Nale\u017cy mie\u0107 na uwadze, \u017ce zmiany ustawie\u0144 tych plik\u00f3w polegaj\u0105ce na ograniczeniu ich stosowania mog\u0105 wp\u0142yn\u0105\u0107 na niekt\u00f3re funkcjonalno\u015bci dost\u0119pne w Serwisie.\u00a0Brak zmiany tych ustawie\u0144 oznacza akceptacj\u0119 dla stosowania plik\u00f3w typu cookies.<\/p>\n<p>&nbsp;<\/p>\n<p><strong>Poni\u017cej wskazujemy spos\u00f3b zmiany ustawie\u0144 cookies w najbardziej popularnych wyszukiwarkach:<\/strong><\/p>\n<p><strong>Google Chrome<\/strong><\/p>\n<p>Menu &gt; Ustawienia &gt; Poka\u017c ustawienia zaawansowane &gt; Prywatno\u015b\u0107 &gt; Ustawienia tre\u015bci &gt; Pliki cookies\u00a0\u2013 nale\u017cy wybra\u0107 odpowiedni\u0105 opcj\u0119.<\/p>\n<p><a href=\"https:\/\/support.google.com\/chrome\/#topic=3227046\">Wi\u0119cej informacji o Ustawieniach przegl\u0105darki Google Chrome.<\/a><\/p>\n<p><strong>Internet Explorer<\/strong><\/p>\n<p>Menu &gt; Narz\u0119dzia &gt; Opcje internetowe &gt; Prywatno\u015b\u0107 \u2013 nale\u017cy wybra\u0107 odpowiedni\u0105 opcj\u0119.<\/p>\n<p><a href=\"http:\/\/windows.microsoft.com\/pl-PL\/windows7\/Block-enable-or-allow-cookies\">Wi\u0119cej informacji o Ustawieniach przegl\u0105darki Internet Explorer.<\/a><\/p>\n<p><strong>Mozilla Firefox<\/strong><\/p>\n<p>Menu &gt; Opcje &gt; Prywatno\u015b\u0107 &gt; Historia \u2013 nale\u017cy wybra\u0107 odpowiedni\u0105 opcj\u0119.<\/p>\n<p><a href=\"https:\/\/support.mozilla.org\/pl\/kb\/W%C5%82%C4%85czanie%20i%20wy%C5%82%C4%85czanie%20obs%C5%82ugi%20ciasteczek\">Wi\u0119cej informacji o Ustawieniach przegl\u0105darki Firefox<\/a>.<\/p>\n<p><strong>Opera<\/strong><\/p>\n<p>Menu &gt; Preferencje &gt; Zaawansowane &gt; Ciasteczka \u2013 nale\u017cy wybra\u0107 odpowiedni\u0105 opcj\u0119.<\/p>\n<p><a href=\"http:\/\/help.opera.com\/Windows\/12.10\/pl\/cookies.html\">Wi\u0119cej informacji o ciasteczkach w przegl\u0105darce Opera.<\/a><\/p>\n<p><strong>Safari<\/strong><\/p>\n<p>Menu &gt; Preferencje &gt; Prywatno\u015b\u0107 &gt; Pliki cookies \u2013 nale\u017cy wybra\u0107 odpowiedni\u0105 opcj\u0119.<\/p>\n<p><a href=\"https:\/\/support.apple.com\/kb\/PH19214?viewlocale=pl_PL&amp;locale=pl_PL\">Wi\u0119cej informacji na temat zarz\u0105dzania plikami cookie i\u00a0danymi witryn w przegl\u0105darce Safari 8 (Yosemite)<\/a> <a href=\"https:\/\/support.apple.com\/pl-pl\/HT1677\">Blokowanie plik\u00f3w cookies w przegl\u0105darce Safari na telefonie iPhone, iPadzie lub iPodzie touch<\/a><\/p>\n","protected":false},"excerpt":{"rendered":"<p>Polityka dotycz\u0105ca cookies W celu \u015bwiadczenia us\u0142ug na najwy\u017cszym poziomie stosujemy\u00a0pliki cookies. Korzystanie z Serwisu oznacza, \u017ce b\u0119d\u0105 one zamieszczane w Twoim urz\u0105dzeniu. W ka\u017cdym momencie mo\u017cesz dokona\u0107 zmiany ustawie\u0144 Twojej przegl\u0105darki. Dla Twojej wygody Serwis\u00a0u\u017cywa plik\u00f3w cookies po to,\u00a0by dostosowa\u0107 go do potrzeb u\u017cytkownik\u00f3w, w celach statystycznych i marketingowych. Pliki cookies (ciasteczka) to ma\u0142e [&hellip;]<\/p>\n","protected":false},"author":1,"featured_media":0,"parent":0,"menu_order":0,"comment_status":"closed","ping_status":"closed","template":"","meta":{"_acf_changed":false,"footnotes":""},"class_list":["post-333","page","type-page","status-publish","hentry"],"acf":[],"_links":{"self":[{"href":"https:\/\/www.dudkowiak.com\/family\/wp-json\/wp\/v2\/pages\/333","targetHints":{"allow":["GET"]}}],"collection":[{"href":"https:\/\/www.dudkowiak.com\/family\/wp-json\/wp\/v2\/pages"}],"about":[{"href":"https:\/\/www.dudkowiak.com\/family\/wp-json\/wp\/v2\/types\/page"}],"author":[{"embeddable":true,"href":"https:\/\/www.dudkowiak.com\/family\/wp-json\/wp\/v2\/users\/1"}],"replies":[{"embeddable":true,"href":"https:\/\/www.dudkowiak.com\/family\/wp-json\/wp\/v2\/comments?post=333"}],"version-history":[{"count":0,"href":"https:\/\/www.dudkowiak.com\/family\/wp-json\/wp\/v2\/pages\/333\/revisions"}],"wp:attachment":[{"href":"https:\/\/www.dudkowiak.com\/family\/wp-json\/wp\/v2\/media?parent=333"}],"curies":[{"name":"wp","href":"https:\/\/api.w.org\/{rel}","templated":true}]}}